{"id":12,"date":"2020-09-10T10:08:28","date_gmt":"2020-09-10T10:08:28","guid":{"rendered":"https:\/\/meersboats.eu\/?page_id=12"},"modified":"2022-07-12T09:34:51","modified_gmt":"2022-07-12T09:34:51","slug":"dealerzy","status":"publish","type":"page","link":"https:\/\/meersboats.eu\/en\/dealerzy\/","title":{"rendered":"Dealers"},"content":{"rendered":"<div data-elementor-type=\"wp-page\" data-elementor-id=\"12\" class=\"elementor elementor-12\">\n\t\t\t\t\t\t<section class=\"elementor-section elementor-top-section elementor-element elementor-element-da39066 elementor-section-boxed elementor-section-height-default elementor-section-height-default\" data-id=\"da39066\" data-element_type=\"section\" data-settings=\"{&quot;background_background&quot;:&quot;classic&quot;,&quot;_ha_eqh_enable&quot;:false}\">\n\t\t\t\t\t\t<div class=\"elementor-container elementor-column-gap-default\">\n\t\t\t\t\t<div class=\"elementor-column elementor-col-100 elementor-top-column elementor-element elementor-element-a769ab6\" data-id=\"a769ab6\" data-element_type=\"column\">\n\t\t\t<div class=\"elementor-widget-wrap elementor-element-populated\">\n\t\t\t\t\t\t<div class=\"elementor-element elementor-element-3c5cfd6 elementor-widget elementor-widget-heading\" data-id=\"3c5cfd6\" data-element_type=\"widget\" data-widget_type=\"heading.default\">\n\t\t\t\t<div class=\"elementor-widget-container\">\n\t\t\t<h1 class=\"elementor-heading-title elementor-size-default\">MEERS Boat and Trailer Dealers<\/h1>\t\t<\/div>\n\t\t\t\t<\/div>\n\t\t\t\t<section class=\"elementor-section elementor-inner-section elementor-element elementor-element-b53c1a5 elementor-section-boxed elementor-section-height-default elementor-section-height-default\" data-id=\"b53c1a5\" data-element_type=\"section\" data-settings=\"{&quot;_ha_eqh_enable&quot;:false}\">\n\t\t\t\t\t\t<div class=\"elementor-container elementor-column-gap-default\">\n\t\t\t\t\t<div class=\"elementor-column elementor-col-50 elementor-inner-column elementor-element elementor-element-5cdd23a\" data-id=\"5cdd23a\" data-element_type=\"column\">\n\t\t\t<div class=\"elementor-widget-wrap elementor-element-populated\">\n\t\t\t\t\t\t<div class=\"elementor-element elementor-element-5cc1db4 elementor-widget elementor-widget-text-editor\" data-id=\"5cc1db4\" data-element_type=\"widget\" data-widget_type=\"text-editor.default\">\n\t\t\t\t<div class=\"elementor-widget-container\">\n\t\t\t\t\t\t\t<p><span style=\"font-weight: 400;\">Thank you for your interest in becoming an authorized dealer of Meers aluminum fishing boats and boat trailers. We \ntake pride in the functionality and quality of our products and the service we provide to our customers and dealers. \nBeing a part of our team, you will be provided with excellent products and high quality service all in friendly \natmosphere created by our team members.<\/span><\/p>\t\t\t\t\t\t<\/div>\n\t\t\t\t<\/div>\n\t\t\t\t<div class=\"elementor-element elementor-element-c9156ba elementor-widget elementor-widget-heading\" data-id=\"c9156ba\" data-element_type=\"widget\" data-widget_type=\"heading.default\">\n\t\t\t\t<div class=\"elementor-widget-container\">\n\t\t\t<span class=\"elementor-heading-title elementor-size-medium\">Contact us<\/span>\t\t<\/div>\n\t\t\t\t<\/div>\n\t\t\t\t<div class=\"elementor-element elementor-element-c74e06a elementor-icon-list--layout-traditional elementor-list-item-link-full_width elementor-widget elementor-widget-icon-list\" data-id=\"c74e06a\" data-element_type=\"widget\" data-widget_type=\"icon-list.default\">\n\t\t\t\t<div class=\"elementor-widget-container\">\n\t\t\t\t\t<ul class=\"elementor-icon-list-items\">\n\t\t\t\t\t\t\t<li class=\"elementor-icon-list-item\">\n\t\t\t\t\t\t\t\t\t\t\t<span class=\"elementor-icon-list-icon\">\n\t\t\t\t\t\t\t<i aria-hidden=\"true\" class=\"fas fa-envelope\"><\/i>\t\t\t\t\t\t<\/span>\n\t\t\t\t\t\t\t\t\t\t<span class=\"elementor-icon-list-text\"> meersboats@gmail.com<\/span>\n\t\t\t\t\t\t\t\t\t<\/li>\n\t\t\t\t\t\t\t\t<li class=\"elementor-icon-list-item\">\n\t\t\t\t\t\t\t\t\t\t\t<span class=\"elementor-icon-list-icon\">\n\t\t\t\t\t\t\t<i aria-hidden=\"true\" class=\"fas fa-mobile-alt\"><\/i>\t\t\t\t\t\t<\/span>\n\t\t\t\t\t\t\t\t\t\t<span class=\"elementor-icon-list-text\"> +48 506 050 020<\/span>\n\t\t\t\t\t\t\t\t\t<\/li>\n\t\t\t\t\t\t<\/ul>\n\t\t\t\t<\/div>\n\t\t\t\t<\/div>\n\t\t\t\t\t<\/div>\n\t\t<\/div>\n\t\t\t\t<div class=\"elementor-column elementor-col-50 elementor-inner-column elementor-element elementor-element-a2cc6c9\" data-id=\"a2cc6c9\" data-element_type=\"column\">\n\t\t\t<div class=\"elementor-widget-wrap elementor-element-populated\">\n\t\t\t\t\t\t<div class=\"elementor-element elementor-element-5354a1b elementor-widget elementor-widget-shortcode\" data-id=\"5354a1b\" data-element_type=\"widget\" data-widget_type=\"shortcode.default\">\n\t\t\t\t<div class=\"elementor-widget-container\">\n\t\t\t\t\t<div class=\"elementor-shortcode\">\n<div class=\"wpcf7 no-js\" id=\"wpcf7-f166-o1\" lang=\"pl-PL\" dir=\"ltr\" data-wpcf7-id=\"166\">\n<div class=\"screen-reader-response\"><p role=\"status\" aria-live=\"polite\" aria-atomic=\"true\"><\/p> <ul><\/ul><\/div>\n<form action=\"\/en\/wp-json\/wp\/v2\/pages\/12#wpcf7-f166-o1\" method=\"post\" class=\"wpcf7-form init\" aria-label=\"Formularz kontaktowy\" novalidate=\"novalidate\" data-status=\"init\" data-trp-original-action=\"\/en\/wp-json\/wp\/v2\/pages\/12#wpcf7-f166-o1\">\n<div style=\"display: none;\">\n<input type=\"hidden\" name=\"_wpcf7\" value=\"166\" \/>\n<input type=\"hidden\" name=\"_wpcf7_version\" value=\"6.0.6\" \/>\n<input type=\"hidden\" name=\"_wpcf7_locale\" value=\"pl_PL\" \/>\n<input type=\"hidden\" name=\"_wpcf7_unit_tag\" value=\"wpcf7-f166-o1\" \/>\n<input type=\"hidden\" name=\"_wpcf7_container_post\" value=\"0\" \/>\n<input type=\"hidden\" name=\"_wpcf7_posted_data_hash\" value=\"\" \/>\n<input type=\"hidden\" name=\"_wpcf7_recaptcha_response\" value=\"\" \/>\n<\/div>\n<div>\n\t<p><span class=\"wpcf7-form-control-wrap\" data-name=\"your-name\"><input size=\"40\" maxlength=\"400\" class=\"wpcf7-form-control wpcf7-text wpcf7-validates-as-required\" aria-required=\"true\" aria-invalid=\"false\" placeholder=\"name and surname\" value=\"\" type=\"text\" name=\"your-name\" \/><\/span>\n\t<\/p>\n<\/div>\n<div>\n\t<p><span class=\"wpcf7-form-control-wrap\" data-name=\"your-email\"><input size=\"40\" maxlength=\"400\" class=\"wpcf7-form-control wpcf7-email wpcf7-validates-as-required wpcf7-text wpcf7-validates-as-email\" aria-required=\"true\" aria-invalid=\"false\" placeholder=\"e-mail\" value=\"\" type=\"email\" name=\"your-email\" \/><\/span>\n\t<\/p>\n<\/div>\n<div>\n\t<p><span class=\"wpcf7-form-control-wrap\" data-name=\"your-message\"><textarea cols=\"40\" rows=\"10\" maxlength=\"2000\" class=\"wpcf7-form-control wpcf7-textarea\" aria-invalid=\"false\" placeholder=\"message\" name=\"your-message\"><\/textarea><\/span>\n\t<\/p>\n<\/div>\n<p><span class=\"wpcf7-form-control-wrap\" data-name=\"acceptance-278\"><span class=\"wpcf7-form-control wpcf7-acceptance\"><span class=\"wpcf7-list-item\"><label><input type=\"checkbox\" name=\"acceptance-278\" value=\"1\" aria-invalid=\"false\" \/><span class=\"wpcf7-list-item-label\">By sending a message, you agree to the processing of personal data for the purpose of handling the inquiry.<\/span><\/label><\/span><\/span><\/span><br \/>\n<input class=\"wpcf7-form-control wpcf7-submit has-spinner\" type=\"submit\" value=\"send\" \/>\n<\/p><div class=\"wpcf7-response-output\" aria-hidden=\"true\"><\/div>\n<input type=\"hidden\" name=\"trp-form-language\" value=\"en\"\/><\/form>\n<\/div>\n<\/div>\n\t\t\t\t<\/div>\n\t\t\t\t<\/div>\n\t\t\t\t\t<\/div>\n\t\t<\/div>\n\t\t\t\t\t<\/div>\n\t\t<\/section>\n\t\t\t\t\t<\/div>\n\t\t<\/div>\n\t\t\t\t\t<\/div>\n\t\t<\/section>\n\t\t\t\t<\/div>","protected":false},"excerpt":{"rendered":"<p>Dystrybutorzy \u0142odzi i przyczep MEERS Dzi\u0119kujemy za zainteresowanie zostaniem autoryzowanym dealerem aluminiowych \u0142odzi w\u0119dkarskich i przyczep pod\u0142odziowych Meers. Jeste\u015bmy dumni z funkcjonalno\u015bci i jako\u015bci naszych produkt\u00f3w i us\u0142ug, kt\u00f3re \u015bwiadczymy naszym klientom i dealerom. B\u0119d\u0105c cz\u0119\u015bci\u0105 naszego\u00a0 zespo\u0142u, jako dystrybutor, mo\u017cesz liczy\u0107 na doskona\u0142e produkty, wysoka jako\u015b\u0107 obs\u0142ugi i przyjazne relacje ze wszystkimi cz\u0142onkami naszego [&hellip;]<\/p>","protected":false},"author":1,"featured_media":0,"parent":0,"menu_order":0,"comment_status":"closed","ping_status":"closed","template":"","meta":{"site-sidebar-layout":"no-sidebar","site-content-layout":"page-builder","ast-site-content-layout":"","site-content-style":"default","site-sidebar-style":"default","ast-global-header-display":"","ast-banner-title-visibility":"","ast-main-header-display":"","ast-hfb-above-header-display":"","ast-hfb-below-header-display":"","ast-hfb-mobile-header-display":"","site-post-title":"disabled","ast-breadcrumbs-content":"","ast-featured-img":"disabled","footer-sml-layout":"","theme-transparent-header-meta":"default","adv-header-id-meta":"","stick-header-meta":"","header-above-stick-meta":"","header-main-stick-meta":"","header-below-stick-meta":"","astra-migrate-meta-layouts":"default","ast-page-background-enabled":"default","ast-page-background-meta":{"desktop":{"background-color":"","background-image":"","background-repeat":"repeat","background-position":"center center","background-size":"auto","background-attachment":"scroll","background-type":"","background-media":"","overlay-type":"","overlay-color":"","overlay-opacity":"","overlay-gradient":""},"tablet":{"background-color":"","background-image":"","background-repeat":"repeat","background-position":"center center","background-size":"auto","background-attachment":"scroll","background-type":"","background-media":"","overlay-type":"","overlay-color":"","overlay-opacity":"","overlay-gradient":""},"mobile":{"background-color":"","background-image":"","background-repeat":"repeat","background-position":"center center","background-size":"auto","background-attachment":"scroll","background-type":"","background-media":"","overlay-type":"","overlay-color":"","overlay-opacity":"","overlay-gradient":""}},"ast-content-background-meta":{"desktop":{"background-color":"var(--ast-global-color-5)","background-image":"","background-repeat":"repeat","background-position":"center center","background-size":"auto","background-attachment":"scroll","background-type":"","background-media":"","overlay-type":"","overlay-color":"","overlay-opacity":"","overlay-gradient":""},"tablet":{"background-color":"var(--ast-global-color-5)","background-image":"","background-repeat":"repeat","background-position":"center center","background-size":"auto","background-attachment":"scroll","background-type":"","background-media":"","overlay-type":"","overlay-color":"","overlay-opacity":"","overlay-gradient":""},"mobile":{"background-color":"var(--ast-global-color-5)","background-image":"","background-repeat":"repeat","background-position":"center center","background-size":"auto","background-attachment":"scroll","background-type":"","background-media":"","overlay-type":"","overlay-color":"","overlay-opacity":"","overlay-gradient":""}},"footnotes":""},"class_list":["post-12","page","type-page","status-publish","hentry"],"yoast_head":"<!-- This site is optimized with the Yoast SEO plugin v25.6 - https:\/\/yoast.com\/wordpress\/plugins\/seo\/ -->\n<title>Dealerzy - Meers trailers<\/title>\n<meta name=\"robots\" content=\"index, follow, max-snippet:-1, max-image-preview:large, max-video-preview:-1\" \/>\n<link rel=\"canonical\" href=\"https:\/\/meersboats.eu\/en\/dealerzy\/\" \/>\n<meta property=\"og:locale\" content=\"en_GB\" \/>\n<meta property=\"og:type\" content=\"article\" \/>\n<meta property=\"og:title\" content=\"Dealerzy - Meers trailers\" \/>\n<meta property=\"og:description\" content=\"Dystrybutorzy \u0142odzi i przyczep MEERS Dzi\u0119kujemy za zainteresowanie zostaniem autoryzowanym dealerem aluminiowych \u0142odzi w\u0119dkarskich i przyczep pod\u0142odziowych Meers. Jeste\u015bmy dumni z funkcjonalno\u015bci i jako\u015bci naszych produkt\u00f3w i us\u0142ug, kt\u00f3re \u015bwiadczymy naszym klientom i dealerom. B\u0119d\u0105c cz\u0119\u015bci\u0105 naszego\u00a0 zespo\u0142u, jako dystrybutor, mo\u017cesz liczy\u0107 na doskona\u0142e produkty, wysoka jako\u015b\u0107 obs\u0142ugi i przyjazne relacje ze wszystkimi cz\u0142onkami naszego [&hellip;]\" \/>\n<meta property=\"og:url\" content=\"https:\/\/meersboats.eu\/en\/dealerzy\/\" \/>\n<meta property=\"og:site_name\" content=\"Meers trailers\" \/>\n<meta property=\"article:modified_time\" content=\"2022-07-12T09:34:51+00:00\" \/>\n<meta name=\"twitter:card\" content=\"summary_large_image\" \/>\n<meta name=\"twitter:label1\" content=\"Estimated reading time\" \/>\n\t<meta name=\"twitter:data1\" content=\"1 minute\" \/>\n<script type=\"application\/ld+json\" class=\"yoast-schema-graph\">{\"@context\":\"https:\/\/schema.org\",\"@graph\":[{\"@type\":\"WebPage\",\"@id\":\"https:\/\/meersboats.eu\/dealerzy\/\",\"url\":\"https:\/\/meersboats.eu\/dealerzy\/\",\"name\":\"Dealerzy - Meers trailers\",\"isPartOf\":{\"@id\":\"https:\/\/meersboats.eu\/#website\"},\"datePublished\":\"2020-09-10T10:08:28+00:00\",\"dateModified\":\"2022-07-12T09:34:51+00:00\",\"breadcrumb\":{\"@id\":\"https:\/\/meersboats.eu\/dealerzy\/#breadcrumb\"},\"inLanguage\":\"en-GB\",\"potentialAction\":[{\"@type\":\"ReadAction\",\"target\":[\"https:\/\/meersboats.eu\/dealerzy\/\"]}]},{\"@type\":\"BreadcrumbList\",\"@id\":\"https:\/\/meersboats.eu\/dealerzy\/#breadcrumb\",\"itemListElement\":[{\"@type\":\"ListItem\",\"position\":1,\"name\":\"Strona g\u0142\u00f3wna\",\"item\":\"https:\/\/meersboats.eu\/\"},{\"@type\":\"ListItem\",\"position\":2,\"name\":\"Dealerzy\"}]},{\"@type\":\"WebSite\",\"@id\":\"https:\/\/meersboats.eu\/#website\",\"url\":\"https:\/\/meersboats.eu\/\",\"name\":\"Meers trailers\",\"description\":\"Customowe Przyczepy Pod\u0142odziowe\",\"publisher\":{\"@id\":\"https:\/\/meersboats.eu\/#organization\"},\"potentialAction\":[{\"@type\":\"SearchAction\",\"target\":{\"@type\":\"EntryPoint\",\"urlTemplate\":\"https:\/\/meersboats.eu\/?s={search_term_string}\"},\"query-input\":{\"@type\":\"PropertyValueSpecification\",\"valueRequired\":true,\"valueName\":\"search_term_string\"}}],\"inLanguage\":\"en-GB\"},{\"@type\":\"Organization\",\"@id\":\"https:\/\/meersboats.eu\/#organization\",\"name\":\"Meers Boats\",\"url\":\"https:\/\/meersboats.eu\/\",\"logo\":{\"@type\":\"ImageObject\",\"inLanguage\":\"en-GB\",\"@id\":\"https:\/\/meersboats.eu\/#\/schema\/logo\/image\/\",\"url\":\"https:\/\/meersboats.eu\/wp-content\/uploads\/2020\/12\/logo_meers_new.png\",\"contentUrl\":\"https:\/\/meersboats.eu\/wp-content\/uploads\/2020\/12\/logo_meers_new.png\",\"width\":500,\"height\":132,\"caption\":\"Meers Boats\"},\"image\":{\"@id\":\"https:\/\/meersboats.eu\/#\/schema\/logo\/image\/\"}}]}<\/script>\n<!-- \/ Yoast SEO plugin. -->","yoast_head_json":{"title":"Dealerzy - Meers trailers","robots":{"index":"index","follow":"follow","max-snippet":"max-snippet:-1","max-image-preview":"max-image-preview:large","max-video-preview":"max-video-preview:-1"},"canonical":"https:\/\/meersboats.eu\/en\/dealerzy\/","og_locale":"en_GB","og_type":"article","og_title":"Dealerzy - Meers trailers","og_description":"Dystrybutorzy \u0142odzi i przyczep MEERS Dzi\u0119kujemy za zainteresowanie zostaniem autoryzowanym dealerem aluminiowych \u0142odzi w\u0119dkarskich i przyczep pod\u0142odziowych Meers. Jeste\u015bmy dumni z funkcjonalno\u015bci i jako\u015bci naszych produkt\u00f3w i us\u0142ug, kt\u00f3re \u015bwiadczymy naszym klientom i dealerom. B\u0119d\u0105c cz\u0119\u015bci\u0105 naszego\u00a0 zespo\u0142u, jako dystrybutor, mo\u017cesz liczy\u0107 na doskona\u0142e produkty, wysoka jako\u015b\u0107 obs\u0142ugi i przyjazne relacje ze wszystkimi cz\u0142onkami naszego [&hellip;]","og_url":"https:\/\/meersboats.eu\/en\/dealerzy\/","og_site_name":"Meers trailers","article_modified_time":"2022-07-12T09:34:51+00:00","twitter_card":"summary_large_image","twitter_misc":{"Estimated reading time":"1 minute"},"schema":{"@context":"https:\/\/schema.org","@graph":[{"@type":"WebPage","@id":"https:\/\/meersboats.eu\/dealerzy\/","url":"https:\/\/meersboats.eu\/dealerzy\/","name":"Dealerzy - Meers trailers","isPartOf":{"@id":"https:\/\/meersboats.eu\/#website"},"datePublished":"2020-09-10T10:08:28+00:00","dateModified":"2022-07-12T09:34:51+00:00","breadcrumb":{"@id":"https:\/\/meersboats.eu\/dealerzy\/#breadcrumb"},"inLanguage":"en-GB","potentialAction":[{"@type":"ReadAction","target":["https:\/\/meersboats.eu\/dealerzy\/"]}]},{"@type":"BreadcrumbList","@id":"https:\/\/meersboats.eu\/dealerzy\/#breadcrumb","itemListElement":[{"@type":"ListItem","position":1,"name":"Strona g\u0142\u00f3wna","item":"https:\/\/meersboats.eu\/"},{"@type":"ListItem","position":2,"name":"Dealerzy"}]},{"@type":"WebSite","@id":"https:\/\/meersboats.eu\/#website","url":"https:\/\/meersboats.eu\/","name":"Meers trailers","description":"Customowe Przyczepy Pod\u0142odziowe","publisher":{"@id":"https:\/\/meersboats.eu\/#organization"},"potentialAction":[{"@type":"SearchAction","target":{"@type":"EntryPoint","urlTemplate":"https:\/\/meersboats.eu\/?s={search_term_string}"},"query-input":{"@type":"PropertyValueSpecification","valueRequired":true,"valueName":"search_term_string"}}],"inLanguage":"en-GB"},{"@type":"Organization","@id":"https:\/\/meersboats.eu\/#organization","name":"Meers Boats","url":"https:\/\/meersboats.eu\/","logo":{"@type":"ImageObject","inLanguage":"en-GB","@id":"https:\/\/meersboats.eu\/#\/schema\/logo\/image\/","url":"https:\/\/meersboats.eu\/wp-content\/uploads\/2020\/12\/logo_meers_new.png","contentUrl":"https:\/\/meersboats.eu\/wp-content\/uploads\/2020\/12\/logo_meers_new.png","width":500,"height":132,"caption":"Meers Boats"},"image":{"@id":"https:\/\/meersboats.eu\/#\/schema\/logo\/image\/"}}]}},"_links":{"self":[{"href":"https:\/\/meersboats.eu\/en\/wp-json\/wp\/v2\/pages\/12"}],"collection":[{"href":"https:\/\/meersboats.eu\/en\/wp-json\/wp\/v2\/pages"}],"about":[{"href":"https:\/\/meersboats.eu\/en\/wp-json\/wp\/v2\/types\/page"}],"author":[{"embeddable":true,"href":"https:\/\/meersboats.eu\/en\/wp-json\/wp\/v2\/users\/1"}],"replies":[{"embeddable":true,"href":"https:\/\/meersboats.eu\/en\/wp-json\/wp\/v2\/comments?post=12"}],"version-history":[{"count":7,"href":"https:\/\/meersboats.eu\/en\/wp-json\/wp\/v2\/pages\/12\/revisions"}],"predecessor-version":[{"id":572,"href":"https:\/\/meersboats.eu\/en\/wp-json\/wp\/v2\/pages\/12\/revisions\/572"}],"wp:attachment":[{"href":"https:\/\/meersboats.eu\/en\/wp-json\/wp\/v2\/media?parent=12"}],"curies":[{"name":"wp","href":"https:\/\/api.w.org\/{rel}","templated":true}]}}